{"id":705,"date":"2020-12-10T09:36:31","date_gmt":"2020-12-10T08:36:31","guid":{"rendered":"https:\/\/petcraft.eu\/index.php\/product\/extra-soft-touch-lamb-doll\/"},"modified":"2023-06-02T07:12:06","modified_gmt":"2023-06-02T06:12:06","slug":"extra-soft-touch-lamb-doll","status":"publish","type":"product","link":"https:\/\/petcraft.eu\/index.php\/product\/extra-soft-touch-lamb-doll\/","title":{"rendered":"Kratzbaum Wandkratzbaum"},"content":{"rendered":"","protected":false},"excerpt":{"rendered":"<ul class=\"a-unordered-list a-vertical a-spacing-mini\">\n<li><span class=\"a-list-item\">Voll integriert in Ihr Wohndesign und mit allem, was die Katze m\u00f6chte, bietet es Ihrer Katze eine Vielzahl von M\u00f6glichkeiten zum Klettern, Spielen und Umarmen.<\/span><\/li>\n<li><span class=\"a-list-item\">Die Platzierung an der Wand bietet mehr Platz auf dem Boden und der stabile und robuste Metallrahmen kann sicher befestigt werden.<\/span><\/li>\n<li><span class=\"a-list-item\">Sisals\u00e4ule \u03a67cm, Ihre Katze kann den Spa\u00df am Schleifen der Krallen auf jedem Boden genie\u00dfen. Das ist gro\u00dfartig!<\/span><\/li>\n<li><span class=\"a-list-item\">Eine weiche Woll-Katzenh\u00e4ngematte, die es Ihrer Katze erm\u00f6glicht, m\u00fcde zu schlafen, und der Metallst\u00e4nder garantiert Sicherheit.<\/span><span class=\"a-list-item\">100% Zufriedenheitsgarantie: Wenn Sie nicht zufrieden sind,k\u00f6nnen Sie uns das Problem sagen, werden wir Ihnen eine zufriedenstellende L\u00f6sung Ma\u00dfnahmen geben.Geeignet f\u00fcr M Katzen (5 kg oder weniger). Wenn Ihre Katze gr\u00f6\u00dfer als normale Katzen ist, m\u00fcssen Sie auf die Ladung achten.<\/span><\/li>\n<\/ul>\n","protected":false},"featured_media":1488,"comment_status":"open","ping_status":"closed","template":"","meta":{"_seopress_robots_primary_cat":"none","site-sidebar-layout":"default","site-content-layout":"default","ast-main-header-display":"","ast-hfb-above-header-display":"","ast-hfb-below-header-display":"","ast-hfb-mobile-header-display":"","site-post-title":"","ast-breadcrumbs-content":"","ast-featured-img":"","footer-sml-layout":"","theme-transparent-header-meta":"default","adv-header-id-meta":"","stick-header-meta":"","header-above-stick-meta":"","header-main-stick-meta":"","header-below-stick-meta":""},"product_cat":[55],"product_tag":[30,38,42,54],"_links":{"self":[{"href":"https:\/\/petcraft.eu\/index.php\/wp-json\/wp\/v2\/product\/705"}],"collection":[{"href":"https:\/\/petcraft.eu\/index.php\/wp-json\/wp\/v2\/product"}],"about":[{"href":"https:\/\/petcraft.eu\/index.php\/wp-json\/wp\/v2\/types\/product"}],"replies":[{"embeddable":true,"href":"https:\/\/petcraft.eu\/index.php\/wp-json\/wp\/v2\/comments?post=705"}],"version-history":[{"count":9,"href":"https:\/\/petcraft.eu\/index.php\/wp-json\/wp\/v2\/product\/705\/revisions"}],"predecessor-version":[{"id":1519,"href":"https:\/\/petcraft.eu\/index.php\/wp-json\/wp\/v2\/product\/705\/revisions\/1519"}],"wp:featuredmedia":[{"embeddable":true,"href":"https:\/\/petcraft.eu\/index.php\/wp-json\/wp\/v2\/media\/1488"}],"wp:attachment":[{"href":"https:\/\/petcraft.eu\/index.php\/wp-json\/wp\/v2\/media?parent=705"}],"wp:term":[{"taxonomy":"product_cat","embeddable":true,"href":"https:\/\/petcraft.eu\/index.php\/wp-json\/wp\/v2\/product_cat?post=705"},{"taxonomy":"product_tag","embeddable":true,"href":"https:\/\/petcraft.eu\/index.php\/wp-json\/wp\/v2\/product_tag?post=705"}],"curies":[{"name":"wp","href":"https:\/\/api.w.org\/{rel}","templated":true}]}}