{"id":702,"date":"2020-12-10T09:34:36","date_gmt":"2020-12-10T09:34:36","guid":{"rendered":"https:\/\/petcraft.eu\/index.php\/product\/twin-cute-bunny-set-combo\/"},"modified":"2025-12-31T20:43:36","modified_gmt":"2025-12-31T19:43:36","slug":"twin-cute-bunny-set-combo","status":"publish","type":"product","link":"https:\/\/petcraft.eu\/index.php\/product\/twin-cute-bunny-set-combo\/","title":{"rendered":"Kratzspielzeug f\u00fcr Katzen in Kugelform"},"content":{"rendered":"","protected":false},"excerpt":{"rendered":"<ul class=\"a-unordered-list a-vertical a-spacing-mini\">\n<li><span class=\"a-list-item\">Das halbkreisf\u00f6rmige Palisander-Design kann als Katzenspielzeug verwendet werden. Dekorationen werden auf jeden Fall das Lieblingsspielzeug Ihrer Katze zu Hause sein.<\/span><\/li>\n<li><span class=\"a-list-item\">Jede hochdichte Sisalfaser mit einer Dicke von etwa 1 cm ist zu einer Kugel verwoben, und die Blume auf der Oberseite verst\u00e4rkt die Festigkeit von Sisal, wodurch die Abriebfestigkeit, Kratzfestigkeit, Haltbarkeit und das Preis-Leistungs-Verh\u00e4ltnis erheblich verbessert werden.<\/span><\/li>\n<li><span class=\"a-list-item\">Das Tretlager besteht aus massiver Kiefer, die Ihre Katze vor Verletzungen sch\u00fctzt, wenn Sie nicht spielen.<\/span><\/li>\n<li><span class=\"a-list-item\">Die Verwendung abbaubarer Materialien ist sicher und ungiftig, sodass Sie sich keine Sorgen machen m\u00fcssen, Ihre Katze selbst spielen zu lassen.<\/span><\/li>\n<li><span class=\"a-list-item\">100% Zufriedenheitsgarantie. Wenn Sie nicht zufrieden sind, k\u00f6nnen Sie uns das Problem mitteilen und wir werden Ihnen eine zufriedenstellende L\u00f6sung anbieten. Es ist f\u00fcr alle Arten von Katzen geeignet, um Ihnen ein vollst\u00e4ndiges Antwortblatt zu geben.<\/span><\/li>\n<\/ul>\n","protected":false},"featured_media":1503,"comment_status":"open","ping_status":"closed","template":"","meta":{"_seopress_robots_primary_cat":"none","site-sidebar-layout":"default","site-content-layout":"default","ast-main-header-display":"","ast-hfb-above-header-display":"","ast-hfb-below-header-display":"","ast-hfb-mobile-header-display":"","site-post-title":"","ast-breadcrumbs-content":"","ast-featured-img":"","footer-sml-layout":"","theme-transparent-header-meta":"default","adv-header-id-meta":"","stick-header-meta":"","header-above-stick-meta":"","header-main-stick-meta":"","header-below-stick-meta":""},"product_cat":[37],"product_tag":[35,36,52],"_links":{"self":[{"href":"https:\/\/petcraft.eu\/index.php\/wp-json\/wp\/v2\/product\/702"}],"collection":[{"href":"https:\/\/petcraft.eu\/index.php\/wp-json\/wp\/v2\/product"}],"about":[{"href":"https:\/\/petcraft.eu\/index.php\/wp-json\/wp\/v2\/types\/product"}],"replies":[{"embeddable":true,"href":"https:\/\/petcraft.eu\/index.php\/wp-json\/wp\/v2\/comments?post=702"}],"version-history":[{"count":3,"href":"https:\/\/petcraft.eu\/index.php\/wp-json\/wp\/v2\/product\/702\/revisions"}],"predecessor-version":[{"id":1520,"href":"https:\/\/petcraft.eu\/index.php\/wp-json\/wp\/v2\/product\/702\/revisions\/1520"}],"wp:featuredmedia":[{"embeddable":true,"href":"https:\/\/petcraft.eu\/index.php\/wp-json\/wp\/v2\/media\/1503"}],"wp:attachment":[{"href":"https:\/\/petcraft.eu\/index.php\/wp-json\/wp\/v2\/media?parent=702"}],"wp:term":[{"taxonomy":"product_cat","embeddable":true,"href":"https:\/\/petcraft.eu\/index.php\/wp-json\/wp\/v2\/product_cat?post=702"},{"taxonomy":"product_tag","embeddable":true,"href":"https:\/\/petcraft.eu\/index.php\/wp-json\/wp\/v2\/product_tag?post=702"}],"curies":[{"name":"wp","href":"https:\/\/api.w.org\/{rel}","templated":true}]}}