{"id":699,"date":"2020-12-10T09:31:36","date_gmt":"2020-12-10T08:31:36","guid":{"rendered":"https:\/\/petcraft.eu\/index.php\/product\/colorful-birdies-on-orange-bandana\/"},"modified":"2023-03-29T09:14:47","modified_gmt":"2023-03-29T08:14:47","slug":"colorful-birdies-on-orange-bandana","status":"publish","type":"product","link":"https:\/\/petcraft.eu\/index.php\/product\/colorful-birdies-on-orange-bandana\/","title":{"rendered":"Kratzbaum Katzenkratzbaum"},"content":{"rendered":"","protected":false},"excerpt":{"rendered":"<ul class=\"a-unordered-list a-vertical a-spacing-mini\">\n<li><span class=\"a-list-item\">Perfektes Design, das sich um das Spielen und Ausruhen der Katze k\u00fcmmert. Sie kann jederzeit an verschiedenen Orten eingesetzt werden. Mit geringem Platzbedarf und einer stabilen Struktur ist er die erste Wahl f\u00fcr Ihre Katze.<\/span><\/li>\n<li><span class=\"a-list-item\">Die \u00fcbergro\u00dfe Plattform (ca. 35 cm) ist oben angebracht, damit die Katze die W\u00e4rme des bequemen Betts in der L\u00fccke zwischen dem Spiel genie\u00dfen kann.<\/span><\/li>\n<li><span class=\"a-list-item\">Die Sisalfasers\u00e4ule (\u03a6 ca. 8 cm) hat die beste Krallenleistung. Der Sisalfaserkoffer des Cat Game Tower sorgt f\u00fcr die n\u00f6tige Krallenpflege und sch\u00fctzt Ihre M\u00f6bel.<\/span><\/li>\n<li><span class=\"a-list-item\">Auf der Leinens\u00e4ule befinden sich drei Mauspuppen. Mit der beweglichen Mauspuppe kann Ihre Katze die Maus zu Hause genie\u00dfen.<\/span><\/li>\n<li><span class=\"a-list-item\">Das Produkt ist 70cm hoch und die Grundfl\u00e4che betr\u00e4gt 40x40cm,Mit einem Gewicht von 4,66 kg und einer Produktbeschreibung ist die Installation einfach und leicht verst\u00e4ndlich.<\/span><\/li>\n<\/ul>\n","protected":false},"featured_media":1511,"comment_status":"open","ping_status":"closed","template":"","meta":{"_seopress_robots_primary_cat":"none","site-sidebar-layout":"default","site-content-layout":"default","ast-main-header-display":"","ast-hfb-above-header-display":"","ast-hfb-below-header-display":"","ast-hfb-mobile-header-display":"","site-post-title":"","ast-breadcrumbs-content":"","ast-featured-img":"","footer-sml-layout":"","theme-transparent-header-meta":"default","adv-header-id-meta":"","stick-header-meta":"","header-above-stick-meta":"","header-main-stick-meta":"","header-below-stick-meta":""},"product_cat":[37],"product_tag":[30,36,48],"_links":{"self":[{"href":"https:\/\/petcraft.eu\/index.php\/wp-json\/wp\/v2\/product\/699"}],"collection":[{"href":"https:\/\/petcraft.eu\/index.php\/wp-json\/wp\/v2\/product"}],"about":[{"href":"https:\/\/petcraft.eu\/index.php\/wp-json\/wp\/v2\/types\/product"}],"replies":[{"embeddable":true,"href":"https:\/\/petcraft.eu\/index.php\/wp-json\/wp\/v2\/comments?post=699"}],"version-history":[{"count":2,"href":"https:\/\/petcraft.eu\/index.php\/wp-json\/wp\/v2\/product\/699\/revisions"}],"predecessor-version":[{"id":1518,"href":"https:\/\/petcraft.eu\/index.php\/wp-json\/wp\/v2\/product\/699\/revisions\/1518"}],"wp:featuredmedia":[{"embeddable":true,"href":"https:\/\/petcraft.eu\/index.php\/wp-json\/wp\/v2\/media\/1511"}],"wp:attachment":[{"href":"https:\/\/petcraft.eu\/index.php\/wp-json\/wp\/v2\/media?parent=699"}],"wp:term":[{"taxonomy":"product_cat","embeddable":true,"href":"https:\/\/petcraft.eu\/index.php\/wp-json\/wp\/v2\/product_cat?post=699"},{"taxonomy":"product_tag","embeddable":true,"href":"https:\/\/petcraft.eu\/index.php\/wp-json\/wp\/v2\/product_tag?post=699"}],"curies":[{"name":"wp","href":"https:\/\/api.w.org\/{rel}","templated":true}]}}