{"id":690,"date":"2020-12-10T09:25:01","date_gmt":"2020-12-10T08:25:01","guid":{"rendered":"https:\/\/petcraft.eu\/index.php\/product\/nutrikids-food-nutrition-dha-orange\/"},"modified":"2023-03-29T09:14:56","modified_gmt":"2023-03-29T08:14:56","slug":"nutrikids-food-nutrition-dha-orange","status":"publish","type":"product","link":"https:\/\/petcraft.eu\/index.php\/product\/nutrikids-food-nutrition-dha-orange\/","title":{"rendered":"Kratzbaum f\u00fcr Katzen 83 cm"},"content":{"rendered":"","protected":false},"excerpt":{"rendered":"<ul class=\"a-unordered-list a-vertical a-spacing-mini\">\n<li><span class=\"a-list-item\">Dieser Kratzbaum besteht aus sicheren und umweltfreundlichen Materialien.Die Oberfl\u00e4che ist mit harmlosen nat\u00fcrlichen Sisalfasern und weichen Flusen bedeckt,Schaffen Sie eine angenehme Umgebung f\u00fcr Ihre Katze.<\/span><\/li>\n<li><span class=\"a-list-item\">Gute Verarbeitung und solide Struktur mit Mauspuppen, damit Ihre Katze ihre Muskeln spielerisch spielen kann.<\/span><\/li>\n<li><span class=\"a-list-item\">Ein robuster Kratzbaum mit 2 strapazierf\u00e4higem Sisal zur Pfotenpflege. Der Sisalstock hat einen Durchmesser von ca. 7 cm.<\/span><\/li>\n<li><span class=\"a-list-item\">Aufgrund seiner kompakten Bauweise ist der Platzbedarf f\u00fcr ein mittelgro\u00dfes Design gering und das Katzenklettern ist auch f\u00fcr kleine R\u00e4ume ideal.<\/span><\/li>\n<li><span class=\"a-list-item\">H\u00f6he 83cm, Grundfl\u00e4che 40x40cm, Gewicht 6,32kg\/13,9 Pfund,mit Produktbeschreibung, einfach zu installieren.<\/span><\/li>\n<\/ul>\n","protected":false},"featured_media":1521,"comment_status":"open","ping_status":"closed","template":"","meta":{"_seopress_robots_primary_cat":"none","site-sidebar-layout":"default","site-content-layout":"default","ast-main-header-display":"","ast-hfb-above-header-display":"","ast-hfb-below-header-display":"","ast-hfb-mobile-header-display":"","site-post-title":"","ast-breadcrumbs-content":"","ast-featured-img":"","footer-sml-layout":"","theme-transparent-header-meta":"default","adv-header-id-meta":"","stick-header-meta":"","header-above-stick-meta":"","header-main-stick-meta":"","header-below-stick-meta":""},"product_cat":[46],"product_tag":[40,47,48],"_links":{"self":[{"href":"https:\/\/petcraft.eu\/index.php\/wp-json\/wp\/v2\/product\/690"}],"collection":[{"href":"https:\/\/petcraft.eu\/index.php\/wp-json\/wp\/v2\/product"}],"about":[{"href":"https:\/\/petcraft.eu\/index.php\/wp-json\/wp\/v2\/types\/product"}],"replies":[{"embeddable":true,"href":"https:\/\/petcraft.eu\/index.php\/wp-json\/wp\/v2\/comments?post=690"}],"version-history":[{"count":2,"href":"https:\/\/petcraft.eu\/index.php\/wp-json\/wp\/v2\/product\/690\/revisions"}],"predecessor-version":[{"id":1529,"href":"https:\/\/petcraft.eu\/index.php\/wp-json\/wp\/v2\/product\/690\/revisions\/1529"}],"wp:featuredmedia":[{"embeddable":true,"href":"https:\/\/petcraft.eu\/index.php\/wp-json\/wp\/v2\/media\/1521"}],"wp:attachment":[{"href":"https:\/\/petcraft.eu\/index.php\/wp-json\/wp\/v2\/media?parent=690"}],"wp:term":[{"taxonomy":"product_cat","embeddable":true,"href":"https:\/\/petcraft.eu\/index.php\/wp-json\/wp\/v2\/product_cat?post=690"},{"taxonomy":"product_tag","embeddable":true,"href":"https:\/\/petcraft.eu\/index.php\/wp-json\/wp\/v2\/product_tag?post=690"}],"curies":[{"name":"wp","href":"https:\/\/api.w.org\/{rel}","templated":true}]}}