{"id":687,"date":"2020-12-10T09:16:28","date_gmt":"2020-12-10T08:16:28","guid":{"rendered":"https:\/\/petcraft.eu\/index.php\/product\/sunny-outdoor-picnic-set-yellow\/"},"modified":"2023-03-29T09:15:07","modified_gmt":"2023-03-29T08:15:07","slug":"sunny-outdoor-picnic-set-yellow","status":"publish","type":"product","link":"https:\/\/petcraft.eu\/index.php\/product\/sunny-outdoor-picnic-set-yellow\/","title":{"rendered":"Kratzstamm,Kratzs\u00e4ule f\u00fcr Katzen"},"content":{"rendered":"","protected":false},"excerpt":{"rendered":"<ul class=\"a-unordered-list a-vertical a-spacing-mini\">\n<li><span class=\"a-list-item\">Faltbare Basis, f\u00fchren, kombiniertes Design, sehr bequeme Installation, gute Sicherheit, ausgezeichnete Stabilit\u00e4t und Handwerkskunst.<\/span><\/li>\n<li><span class=\"a-list-item\">Die Basis besteht aus dicken Holzbrettern und ist mit Naturfaser-Sisal umwickelt. Sie ist mit einer dicken Spanplatte \u00fcberzogen und mit einem strapazierf\u00e4higen grauen Stoffbezug versehen, der sicher und stabil ist, ein Kippen und Sch\u00fctteln verhindert, Zuverl\u00e4ssigkeit und Stabilit\u00e4t bietet und handgefertigt ist.<\/span><\/li>\n<li><span class=\"a-list-item\">Das clevere Design der Sisals\u00e4ule erm\u00f6glicht es Ihrer Katze, einfach aufzustehen und ihren K\u00f6rper zu dehnen.(Sisals\u00e4ule \u03a66,5 cm)<\/span><\/li>\n<li><span class=\"a-list-item\">Der angebrachte Ball mit flexiblem Band animiert Ihre Tiere zur Nutzung der Kratzs\u00e4ule.<\/span><\/li>\n<li><span class=\"a-list-item\">100% Zufriedenheitsgarantie. Wenn Sie nicht zufrieden sind, k\u00f6nnen Sie uns das Problem mitteilen und wir werden Ihnen eine zufriedenstellende L\u00f6sung anbieten.<\/span><\/li>\n<\/ul>\n","protected":false},"featured_media":1531,"comment_status":"open","ping_status":"closed","template":"","meta":{"_seopress_robots_primary_cat":"none","site-sidebar-layout":"default","site-content-layout":"default","ast-main-header-display":"","ast-hfb-above-header-display":"","ast-hfb-below-header-display":"","ast-hfb-mobile-header-display":"","site-post-title":"","ast-breadcrumbs-content":"","ast-featured-img":"","footer-sml-layout":"","theme-transparent-header-meta":"default","adv-header-id-meta":"","stick-header-meta":"","header-above-stick-meta":"","header-main-stick-meta":"","header-below-stick-meta":""},"product_cat":[37],"product_tag":[36,49,51,56],"_links":{"self":[{"href":"https:\/\/petcraft.eu\/index.php\/wp-json\/wp\/v2\/product\/687"}],"collection":[{"href":"https:\/\/petcraft.eu\/index.php\/wp-json\/wp\/v2\/product"}],"about":[{"href":"https:\/\/petcraft.eu\/index.php\/wp-json\/wp\/v2\/types\/product"}],"replies":[{"embeddable":true,"href":"https:\/\/petcraft.eu\/index.php\/wp-json\/wp\/v2\/comments?post=687"}],"version-history":[{"count":2,"href":"https:\/\/petcraft.eu\/index.php\/wp-json\/wp\/v2\/product\/687\/revisions"}],"predecessor-version":[{"id":1538,"href":"https:\/\/petcraft.eu\/index.php\/wp-json\/wp\/v2\/product\/687\/revisions\/1538"}],"wp:featuredmedia":[{"embeddable":true,"href":"https:\/\/petcraft.eu\/index.php\/wp-json\/wp\/v2\/media\/1531"}],"wp:attachment":[{"href":"https:\/\/petcraft.eu\/index.php\/wp-json\/wp\/v2\/media?parent=687"}],"wp:term":[{"taxonomy":"product_cat","embeddable":true,"href":"https:\/\/petcraft.eu\/index.php\/wp-json\/wp\/v2\/product_cat?post=687"},{"taxonomy":"product_tag","embeddable":true,"href":"https:\/\/petcraft.eu\/index.php\/wp-json\/wp\/v2\/product_tag?post=687"}],"curies":[{"name":"wp","href":"https:\/\/api.w.org\/{rel}","templated":true}]}}