{"id":656,"date":"2020-12-10T09:06:41","date_gmt":"2020-12-10T08:06:41","guid":{"rendered":"https:\/\/petcraft.eu\/index.php\/product\/teddy-bear-ready-to-flight-doll\/"},"modified":"2023-06-02T07:13:48","modified_gmt":"2023-06-02T06:13:48","slug":"teddy-bear-ready-to-flight-doll","status":"publish","type":"product","link":"https:\/\/petcraft.eu\/index.php\/product\/teddy-bear-ready-to-flight-doll\/","title":{"rendered":"Kratzbaum, L, Wei\u00df"},"content":{"rendered":"","protected":false},"excerpt":{"rendered":"<ul class=\"a-unordered-list a-vertical a-spacing-mini\">\n<li><span class=\"a-list-item\">Weiche Wollkatzenh\u00e4ngematte, gro\u00dffl\u00e4chig \u03a646, Ihre Katze kann unabh\u00e4ngig von der Schlafposition zufrieden sein (Sie k\u00f6nnen Spielzeug darauf ablegen).<\/span><\/li>\n<li><span class=\"a-list-item\">Das starke Sisalseil bedeckt fast die gesamte Sisals\u00e4ule, sodass das K\u00e4tzchen seine Pfote kratzen und sch\u00fctzen und gleichzeitig die M\u00f6bel sch\u00fctzen kann.<\/span><\/li>\n<li><span class=\"a-list-item\">Anspruchsvolles Design passt auf engstem Raum und bietet K\u00e4tzchen Platz zum Spielen und Ausruhen. (41x41x50cm)<\/span><\/li>\n<li><span class=\"a-list-item\">Mit einem Spielzeug-Bommel am Gummiband kann die Katze neben Spielen und Pfotenpflege auch bewegt werden. Starke, gute verarbeitung und hohe qualit\u00e4t stoff.<\/span><\/li>\n<li><span class=\"a-list-item\">100% Zufriedenheitsgarantie, wenn Sie nicht zufrieden sind, k\u00f6nnen Sie uns das Problem mitteilen und wir werden Ihnen eine zufriedenstellende L\u00f6sung anbieten. (Geeignet f\u00fcr Katzen unter 7,5 kg). Wenn Ihre Katze das angegebene Gewicht \u00fcberschreitet, m\u00fcssen Sie auf die Ladung achten.<\/span><\/li>\n<\/ul>\n","protected":false},"featured_media":1540,"comment_status":"open","ping_status":"closed","template":"","meta":{"_seopress_robots_primary_cat":"none","site-sidebar-layout":"default","site-content-layout":"default","ast-main-header-display":"","ast-hfb-above-header-display":"","ast-hfb-below-header-display":"","ast-hfb-mobile-header-display":"","site-post-title":"","ast-breadcrumbs-content":"","ast-featured-img":"","footer-sml-layout":"","theme-transparent-header-meta":"default","adv-header-id-meta":"","stick-header-meta":"","header-above-stick-meta":"","header-main-stick-meta":"","header-below-stick-meta":""},"product_cat":[55],"product_tag":[32,34,38,54],"_links":{"self":[{"href":"https:\/\/petcraft.eu\/index.php\/wp-json\/wp\/v2\/product\/656"}],"collection":[{"href":"https:\/\/petcraft.eu\/index.php\/wp-json\/wp\/v2\/product"}],"about":[{"href":"https:\/\/petcraft.eu\/index.php\/wp-json\/wp\/v2\/types\/product"}],"replies":[{"embeddable":true,"href":"https:\/\/petcraft.eu\/index.php\/wp-json\/wp\/v2\/comments?post=656"}],"version-history":[{"count":2,"href":"https:\/\/petcraft.eu\/index.php\/wp-json\/wp\/v2\/product\/656\/revisions"}],"predecessor-version":[{"id":1546,"href":"https:\/\/petcraft.eu\/index.php\/wp-json\/wp\/v2\/product\/656\/revisions\/1546"}],"wp:featuredmedia":[{"embeddable":true,"href":"https:\/\/petcraft.eu\/index.php\/wp-json\/wp\/v2\/media\/1540"}],"wp:attachment":[{"href":"https:\/\/petcraft.eu\/index.php\/wp-json\/wp\/v2\/media?parent=656"}],"wp:term":[{"taxonomy":"product_cat","embeddable":true,"href":"https:\/\/petcraft.eu\/index.php\/wp-json\/wp\/v2\/product_cat?post=656"},{"taxonomy":"product_tag","embeddable":true,"href":"https:\/\/petcraft.eu\/index.php\/wp-json\/wp\/v2\/product_tag?post=656"}],"curies":[{"name":"wp","href":"https:\/\/api.w.org\/{rel}","templated":true}]}}