{"id":651,"date":"2020-12-10T08:52:06","date_gmt":"2020-12-10T08:52:06","guid":{"rendered":"https:\/\/petcraft.eu\/index.php\/product\/vitcom-nutrition-fruits-flavor\/"},"modified":"2024-01-08T08:11:28","modified_gmt":"2024-01-08T07:11:28","slug":"vitcom-nutrition-fruits-flavor","status":"publish","type":"product","link":"https:\/\/petcraft.eu\/index.php\/product\/vitcom-nutrition-fruits-flavor\/","title":{"rendered":"Kratzbaum Katzenbaum Kletterbaum"},"content":{"rendered":"","protected":false},"excerpt":{"rendered":"<div class=\"rd-description-teaser__description-text\">\n<ul>\n<li>Jede Etage verf\u00fcgt \u00fcber verschiedene Funktionsbereiche,darunter H\u00f6hlen und gro\u00dfe<\/li>\n<li>Veranstaltungsplattformen,sodass der Kratzbaum mehrere Katzen gleichzeitig aufnehmen kann.<\/li>\n<li>Die mit Randpl\u00fcsch verdickte gro\u00dfe Plattform verwendet eine dicke Bodenplatte,um die Stabilit\u00e4t der zerkratzten S\u00e4ule zu erh\u00f6hen.<\/li>\n<li>Mit zwei Katzenh\u00f6hlen unterst\u00fctzt das bequeme Bett auch die n\u00f6tige Ruhezeit.<\/li>\n<li>Die Sisals\u00e4ule ist mit einem starken Sisalseil \u00fcberzogen, das zum Kratzen von Katzen verwendet werden kann, um die M\u00f6bel zu sch\u00fctzen und gleichzeitig die Krallen zu sch\u00fctzen. Sisals\u00e4ule (7cm)<\/li>\n<li>H\u00f6he 80cm \/31,5 Zoll,Grundfl\u00e4che41x61cm,Gewicht 11,84 kg\/26,1 Pfund,Mit Produktbeschreibung einfach anzubringen.<\/li>\n<\/ul>\n<\/div>\n<div class=\"rd-description-teaser__link\"><button class=\"rd-link\" data-cs-override-id=\"third-column-goto-description-button\">Alle Produktinfos<\/button><\/div>\n","protected":false},"featured_media":1548,"comment_status":"open","ping_status":"closed","template":"","meta":{"_seopress_robots_primary_cat":"none","site-sidebar-layout":"default","site-content-layout":"default","ast-main-header-display":"","ast-hfb-above-header-display":"","ast-hfb-below-header-display":"","ast-hfb-mobile-header-display":"","site-post-title":"","ast-breadcrumbs-content":"","ast-featured-img":"","footer-sml-layout":"","theme-transparent-header-meta":"default","adv-header-id-meta":"","stick-header-meta":"","header-above-stick-meta":"","header-main-stick-meta":"","header-below-stick-meta":""},"product_cat":[46],"product_tag":[40,41,47],"_links":{"self":[{"href":"https:\/\/petcraft.eu\/index.php\/wp-json\/wp\/v2\/product\/651"}],"collection":[{"href":"https:\/\/petcraft.eu\/index.php\/wp-json\/wp\/v2\/product"}],"about":[{"href":"https:\/\/petcraft.eu\/index.php\/wp-json\/wp\/v2\/types\/product"}],"replies":[{"embeddable":true,"href":"https:\/\/petcraft.eu\/index.php\/wp-json\/wp\/v2\/comments?post=651"}],"version-history":[{"count":2,"href":"https:\/\/petcraft.eu\/index.php\/wp-json\/wp\/v2\/product\/651\/revisions"}],"predecessor-version":[{"id":1553,"href":"https:\/\/petcraft.eu\/index.php\/wp-json\/wp\/v2\/product\/651\/revisions\/1553"}],"wp:featuredmedia":[{"embeddable":true,"href":"https:\/\/petcraft.eu\/index.php\/wp-json\/wp\/v2\/media\/1548"}],"wp:attachment":[{"href":"https:\/\/petcraft.eu\/index.php\/wp-json\/wp\/v2\/media?parent=651"}],"wp:term":[{"taxonomy":"product_cat","embeddable":true,"href":"https:\/\/petcraft.eu\/index.php\/wp-json\/wp\/v2\/product_cat?post=651"},{"taxonomy":"product_tag","embeddable":true,"href":"https:\/\/petcraft.eu\/index.php\/wp-json\/wp\/v2\/product_tag?post=651"}],"curies":[{"name":"wp","href":"https:\/\/api.w.org\/{rel}","templated":true}]}}