{"id":645,"date":"2020-12-10T08:37:29","date_gmt":"2020-12-10T07:37:29","guid":{"rendered":"https:\/\/petcraft.eu\/index.php\/product\/zoomate-3-animal-set-toys\/"},"modified":"2023-03-29T09:15:28","modified_gmt":"2023-03-29T08:15:28","slug":"zoomate-3-animal-set-toys","status":"publish","type":"product","link":"https:\/\/petcraft.eu\/index.php\/product\/zoomate-3-animal-set-toys\/","title":{"rendered":"Katzenbaum Kratzbrett"},"content":{"rendered":"","protected":false},"excerpt":{"rendered":"<ul class=\"a-unordered-list a-vertical a-spacing-mini\">\n<li><span class=\"a-list-item\">IDEALES RUHEPARADIES. Die Ausstattung dieses Katzenbaumes mit H\u00f6hlen und Pl\u00fcschball befriedigt den Spieltrieb Ihrer Katze.<\/span><\/li>\n<li><span class=\"a-list-item\">Vermeiden Sie verkratzte M\u00f6bel und unn\u00f6tige Renovierungen: Aufgrund der vielseitigen Spielm\u00f6glichkeiten und der Kratzb\u00e4ume kann Ihr Haustier ausgelastet werden und die Krallen dabei optimal pflegen. Die mit Sisal umwickelten Pfosten sorgen ebenfalls f\u00fcr einen guten Halt beim Klettern.<\/span><\/li>\n<li><span class=\"a-list-item\">Nat\u00fcrliches Sisalseil ist sehr belastbar und trotzdem stark genug, um Risse und Kratzer standzuhalten und die Instinkte Ihres ruhelosen K\u00e4tzchens zu befriedigen. Der zus\u00e4tzlich angebrachte Spielball regt zur Selbstbesch\u00e4ftigung an<\/span><\/li>\n<li><span class=\"a-list-item\">H\u00f6he: 58cm, Bodenplatte: 31x 31cm, ganz einfache zum Selbstmontage und die Anleitung wird mitgeliefert. F\u00fcr Ihre Katze bis max. 9kg ist geeignet.<\/span><\/li>\n<li><span class=\"a-list-item\">100% Zufriedenheitsgarantie. Wenn Sie nicht zufrieden sind, k\u00f6nnen Sie uns das Problem mitteilen und wir werden Ihnen eine zufriedenstellende L\u00f6sung anbieten.<\/span><\/li>\n<\/ul>\n","protected":false},"featured_media":1568,"comment_status":"open","ping_status":"closed","template":"","meta":{"_seopress_robots_primary_cat":"none","site-sidebar-layout":"default","site-content-layout":"default","ast-main-header-display":"","ast-hfb-above-header-display":"","ast-hfb-below-header-display":"","ast-hfb-mobile-header-display":"","site-post-title":"","ast-breadcrumbs-content":"","ast-featured-img":"","footer-sml-layout":"","theme-transparent-header-meta":"default","adv-header-id-meta":"","stick-header-meta":"","header-above-stick-meta":"","header-main-stick-meta":"","header-below-stick-meta":""},"product_cat":[55],"product_tag":[30,54],"_links":{"self":[{"href":"https:\/\/petcraft.eu\/index.php\/wp-json\/wp\/v2\/product\/645"}],"collection":[{"href":"https:\/\/petcraft.eu\/index.php\/wp-json\/wp\/v2\/product"}],"about":[{"href":"https:\/\/petcraft.eu\/index.php\/wp-json\/wp\/v2\/types\/product"}],"replies":[{"embeddable":true,"href":"https:\/\/petcraft.eu\/index.php\/wp-json\/wp\/v2\/comments?post=645"}],"version-history":[{"count":2,"href":"https:\/\/petcraft.eu\/index.php\/wp-json\/wp\/v2\/product\/645\/revisions"}],"predecessor-version":[{"id":1574,"href":"https:\/\/petcraft.eu\/index.php\/wp-json\/wp\/v2\/product\/645\/revisions\/1574"}],"wp:featuredmedia":[{"embeddable":true,"href":"https:\/\/petcraft.eu\/index.php\/wp-json\/wp\/v2\/media\/1568"}],"wp:attachment":[{"href":"https:\/\/petcraft.eu\/index.php\/wp-json\/wp\/v2\/media?parent=645"}],"wp:term":[{"taxonomy":"product_cat","embeddable":true,"href":"https:\/\/petcraft.eu\/index.php\/wp-json\/wp\/v2\/product_cat?post=645"},{"taxonomy":"product_tag","embeddable":true,"href":"https:\/\/petcraft.eu\/index.php\/wp-json\/wp\/v2\/product_tag?post=645"}],"curies":[{"name":"wp","href":"https:\/\/api.w.org\/{rel}","templated":true}]}}