{"id":627,"date":"2020-12-10T08:09:39","date_gmt":"2020-12-10T08:09:39","guid":{"rendered":"https:\/\/petcraft.eu\/index.php\/product\/long-sleeve-sweater-navy-blue\/"},"modified":"2023-11-22T08:05:39","modified_gmt":"2023-11-22T07:05:39","slug":"long-sleeve-sweater-navy-blue","status":"publish","type":"product","link":"https:\/\/petcraft.eu\/index.php\/product\/long-sleeve-sweater-navy-blue\/","title":{"rendered":"Treppe f\u00fcr Katze"},"content":{"rendered":"","protected":false},"excerpt":{"rendered":"<ul class=\"a-unordered-list a-vertical a-spacing-mini\">\n<li><span class=\"a-list-item\">Die mehrstufigen Haustiertreppen sollen Haustieren helfen, von und zu Orten zu gelangen, die sie normalerweise nur schwer selbst erreichen k\u00f6nnen. Es ist die perfekte Mobilit\u00e4tsl\u00f6sung f\u00fcr kleinere, alternde und behinderte Haustiere<\/span><\/li>\n<li><span class=\"a-list-item\">Der Kletterbaum wird aus gediegene Spanplatte hergestellt und mit weichem Lammkaschmir \u00fcberzogen, sehr katzenfreundlich und haltbar.kein Formaldehyd und schlechter Geruch, robuster und haltbarer<\/span><\/li>\n<li><span class=\"a-list-item\">Anleitung mitgeliefert bei der Tiertreppe, sehr bequem und schnell aufzubauen. Einzigartiges Design, nach dem Aufbau dient die Katzentreppe auh perfekt als Dekoration, klassische Farben f\u00fcr alle Raumstile ideal.<\/span><\/li>\n<li><span class=\"a-list-item\">Ma\u00dfe: 45 x 35 x 34 cm (L x B x H), Stabile Ausf\u00fchrung mit einer Tragf\u00e4higkeit von bis zu 50 kg<\/span><\/li>\n<li><span class=\"a-list-item\">100% Zufriedenheitsgarantie. Wenn Sie nicht zufrieden sind, k\u00f6nnen Sie uns das Problem mitteilen und wir werden Ihnen eine zufriedenstellende L\u00f6sung anbieten.<\/span><\/li>\n<\/ul>\n","protected":false},"featured_media":1583,"comment_status":"open","ping_status":"closed","template":"","meta":{"_seopress_robots_primary_cat":"none","site-sidebar-layout":"default","site-content-layout":"default","ast-main-header-display":"","ast-hfb-above-header-display":"","ast-hfb-below-header-display":"","ast-hfb-mobile-header-display":"","site-post-title":"","ast-breadcrumbs-content":"","ast-featured-img":"","footer-sml-layout":"","theme-transparent-header-meta":"default","adv-header-id-meta":"","stick-header-meta":"","header-above-stick-meta":"","header-main-stick-meta":"","header-below-stick-meta":""},"product_cat":[37],"product_tag":[36,43,53],"_links":{"self":[{"href":"https:\/\/petcraft.eu\/index.php\/wp-json\/wp\/v2\/product\/627"}],"collection":[{"href":"https:\/\/petcraft.eu\/index.php\/wp-json\/wp\/v2\/product"}],"about":[{"href":"https:\/\/petcraft.eu\/index.php\/wp-json\/wp\/v2\/types\/product"}],"replies":[{"embeddable":true,"href":"https:\/\/petcraft.eu\/index.php\/wp-json\/wp\/v2\/comments?post=627"}],"version-history":[{"count":1,"href":"https:\/\/petcraft.eu\/index.php\/wp-json\/wp\/v2\/product\/627\/revisions"}],"predecessor-version":[{"id":1589,"href":"https:\/\/petcraft.eu\/index.php\/wp-json\/wp\/v2\/product\/627\/revisions\/1589"}],"wp:featuredmedia":[{"embeddable":true,"href":"https:\/\/petcraft.eu\/index.php\/wp-json\/wp\/v2\/media\/1583"}],"wp:attachment":[{"href":"https:\/\/petcraft.eu\/index.php\/wp-json\/wp\/v2\/media?parent=627"}],"wp:term":[{"taxonomy":"product_cat","embeddable":true,"href":"https:\/\/petcraft.eu\/index.php\/wp-json\/wp\/v2\/product_cat?post=627"},{"taxonomy":"product_tag","embeddable":true,"href":"https:\/\/petcraft.eu\/index.php\/wp-json\/wp\/v2\/product_tag?post=627"}],"curies":[{"name":"wp","href":"https:\/\/api.w.org\/{rel}","templated":true}]}}